{"id":97,"date":"2017-09-01T10:11:04","date_gmt":"2017-09-01T10:11:04","guid":{"rendered":"http:\/\/wirtschaftsphysik.de\/cms\/?page_id=97"},"modified":"2025-11-23T18:10:47","modified_gmt":"2025-11-23T18:10:47","slug":"impressum","status":"publish","type":"page","link":"https:\/\/wirtschaftsphysik.de\/cms\/impressum\/","title":{"rendered":"Impressum"},"content":{"rendered":"<p><strong>Wirtschaftsphysik Alumni e.V.<\/strong><br \/>\nc\/o Universit\u00e4t Ulm<br \/>\nStudienkommission Physik<br \/>\nAlbert-Einstein-Allee 11<br \/>\nD &#8211; 89081 Ulm<\/p>\n<p><strong>E-Mail:<\/strong>&nbsp;<span id=\"cloak20461\"><a href=\"mailto:info@wirtschaftsphysik.de\">info@wirtschaftsphysik.de<\/a><\/span><br \/>\n<strong>Internet:<\/strong> http:\/\/www.wirtschaftsphysik.de, http:\/\/alumni.wirtschaftsphysik.de<\/p>\n<p><strong>Vertretungsberechtigter Vorstand:<\/strong><\/p>\n<p>Nikolas Tomek (1. Vorsitzender)<br \/>\nJannes Weghake (2. Vorsitzender)<\/p>\n<p><strong>Registergericht:<\/strong>&nbsp;Amtsgericht Ulm<br \/>\n<strong>Registernummer:<\/strong>&nbsp;VR 1891<\/p>\n<p><strong>Bankverbindung:<\/strong><\/p>\n<table border=\"0\" frame=\"void\" rules=\"none\">\n<tbody>\n<tr>\n<td>Kontoinhaber:<\/td>\n<td>Wirtschaftsphysik Alumni e.V.<\/td>\n<\/tr>\n<tr>\n<td>IBAN:<\/td>\n<td>DE23 6305 0000 0021 0300 28<\/td>\n<\/tr>\n<tr>\n<td>BIC:<\/td>\n<td>SOLADES1ULM<\/td>\n<\/tr>\n<tr>\n<td>Institut:<\/td>\n<td>Sparkasse Ulm<\/td>\n<\/tr>\n<\/tbody>\n<\/table>\n<p><strong><br \/>\nHomepage gestaltet von:<\/strong>&nbsp;Johannes Ziegler (hannes.ziegler@online.de)<\/p>\n<p>&nbsp;<\/p>\n<p><strong>Haftungshinweis:<\/strong><br \/>\nTrotz sorgf\u00e4ltiger inhaltlicher Kontrolle \u00fcbernehmen wir keine Haftung f\u00fcr die Inhalte externer Links. F\u00fcr den Inhalt der verlinkten Seiten sind ausschlie\u00dflich deren Betreiber verantwortlich. Des Weiteren distanzieren wir uns von s\u00e4mtlichen schriftlichen \u00c4u\u00dferungen der Vereinsmitglieder, die nicht dem Vorstand angeh\u00f6ren.<\/p>\n","protected":false},"excerpt":{"rendered":"<p>Wirtschaftsphysik Alumni e.V. c\/o Universit\u00e4t Ulm Studienkommission Physik Albert-Einstein-Allee 11 D &#8211; 89081 Ulm E-Mail:&nbsp;info@wirtschaftsphysik.de Internet: http:\/\/www.wirtschaftsphysik.de, http:\/\/alumni.wirtschaftsphysik.de Vertretungsberechtigter Vorstand:&hellip;<\/p>\n","protected":false},"author":2,"featured_media":0,"parent":0,"menu_order":0,"comment_status":"closed","ping_status":"closed","template":"","meta":{"ngg_post_thumbnail":0,"footnotes":""},"class_list":["post-97","page","type-page","status-publish","hentry"],"_links":{"self":[{"href":"https:\/\/wirtschaftsphysik.de\/cms\/wp-json\/wp\/v2\/pages\/97","targetHints":{"allow":["GET"]}}],"collection":[{"href":"https:\/\/wirtschaftsphysik.de\/cms\/wp-json\/wp\/v2\/pages"}],"about":[{"href":"https:\/\/wirtschaftsphysik.de\/cms\/wp-json\/wp\/v2\/types\/page"}],"author":[{"embeddable":true,"href":"https:\/\/wirtschaftsphysik.de\/cms\/wp-json\/wp\/v2\/users\/2"}],"replies":[{"embeddable":true,"href":"https:\/\/wirtschaftsphysik.de\/cms\/wp-json\/wp\/v2\/comments?post=97"}],"version-history":[{"count":10,"href":"https:\/\/wirtschaftsphysik.de\/cms\/wp-json\/wp\/v2\/pages\/97\/revisions"}],"predecessor-version":[{"id":877,"href":"https:\/\/wirtschaftsphysik.de\/cms\/wp-json\/wp\/v2\/pages\/97\/revisions\/877"}],"wp:attachment":[{"href":"https:\/\/wirtschaftsphysik.de\/cms\/wp-json\/wp\/v2\/media?parent=97"}],"curies":[{"name":"wp","href":"https:\/\/api.w.org\/{rel}","templated":true}]}}