{"id":696,"date":"2024-08-27T17:30:16","date_gmt":"2024-08-27T17:30:16","guid":{"rendered":"http:\/\/wirtschaftsphysik.de\/cms\/?page_id=696"},"modified":"2024-09-03T19:51:30","modified_gmt":"2024-09-03T19:51:30","slug":"jubilaeumsfeier-2024","status":"publish","type":"page","link":"https:\/\/wirtschaftsphysik.de\/cms\/alumni-verein\/jubilaeumsfeier-2024\/","title":{"rendered":"Jubil\u00e4umsfeier 2024"},"content":{"rendered":"\n<p>Der Verein Wirtschaftsphysik Alumni e.V. l\u00e4dt herzlich zur Jubil\u00e4umsfeier am <strong>21.9.2024<\/strong> ein.<\/p>\n\n\n\n<p> Wir feiern das<\/p>\n\n\n\n<p><strong>55 j\u00e4hrige<\/strong> Jubil\u00e4um des Studiengangs Physik, das<\/p>\n\n\n\n<p><strong>25 j\u00e4hrige<\/strong> Jubil\u00e4um des Studiengang Wirtschaftsphysik und das<\/p>\n\n\n\n<p><strong>20 j\u00e4hrige<\/strong> Jubil\u00e4um des Wirtschaftsphysik Alumni e.V.<\/p>\n\n\n\n<p>Der Sektempfang beginnt um <strong>13 Uhr<\/strong> und findet bei gutem Wetter im Innenhof B, bei ung\u00fcnstigem Wetter vor dem H8 statt.<\/p>\n\n\n\n<p>Drauf folgen Festvortr\u00e4ge ab 13:45 Uhr im H8.<\/p>\n\n\n\n<p>Zum Ausklang um etwa <strong>15:30<\/strong> <strong>Uhr<\/strong> veranstalten wir im Innenhof B eine Grillfeier.<\/p>\n\n\n\n<p><strong>Anfahrt:<\/strong><\/p>\n\n\n\n<p>\u00d6PNV und Parkm\u00f6glichkeiten finden Sie <a href=\"https:\/\/www.uni-ulm.de\/einrichtungen\/personalrat\/unsere-themen\/oepnv-und-parken\/\" data-type=\"URL\" data-id=\"https:\/\/www.uni-ulm.de\/einrichtungen\/personalrat\/unsere-themen\/oepnv-und-parken\/\">hier<\/a>.<\/p>\n\n\n\n<p><strong>Lageplan:<\/strong><\/p>\n\n\n\n<p>Die Lage des Innenhofes und H\u00f6rsaals an der Universit\u00e4t finden Sie <a href=\"https:\/\/www.uni-ulm.de\/fileadmin\/website_uni_ulm\/jubilaeum50\/LaNaWi\/U__bersichtsplan_Uni_Ost.pdf\" data-type=\"URL\" data-id=\"https:\/\/www.uni-ulm.de\/fileadmin\/website_uni_ulm\/jubilaeum50\/LaNaWi\/U__bersichtsplan_Uni_Ost.pdf\">hier<\/a>.<\/p>\n","protected":false},"excerpt":{"rendered":"<p>Der Verein Wirtschaftsphysik Alumni e.V. l\u00e4dt herzlich zur Jubil\u00e4umsfeier am 21.9.2024 ein. Wir feiern das 55 j\u00e4hrige Jubil\u00e4um des Studiengangs&hellip;<\/p>\n","protected":false},"author":1,"featured_media":0,"parent":526,"menu_order":0,"comment_status":"closed","ping_status":"closed","template":"","meta":{"ngg_post_thumbnail":0,"footnotes":""},"class_list":["post-696","page","type-page","status-publish","hentry"],"_links":{"self":[{"href":"https:\/\/wirtschaftsphysik.de\/cms\/wp-json\/wp\/v2\/pages\/696","targetHints":{"allow":["GET"]}}],"collection":[{"href":"https:\/\/wirtschaftsphysik.de\/cms\/wp-json\/wp\/v2\/pages"}],"about":[{"href":"https:\/\/wirtschaftsphysik.de\/cms\/wp-json\/wp\/v2\/types\/page"}],"author":[{"embeddable":true,"href":"https:\/\/wirtschaftsphysik.de\/cms\/wp-json\/wp\/v2\/users\/1"}],"replies":[{"embeddable":true,"href":"https:\/\/wirtschaftsphysik.de\/cms\/wp-json\/wp\/v2\/comments?post=696"}],"version-history":[{"count":8,"href":"https:\/\/wirtschaftsphysik.de\/cms\/wp-json\/wp\/v2\/pages\/696\/revisions"}],"predecessor-version":[{"id":716,"href":"https:\/\/wirtschaftsphysik.de\/cms\/wp-json\/wp\/v2\/pages\/696\/revisions\/716"}],"up":[{"embeddable":true,"href":"https:\/\/wirtschaftsphysik.de\/cms\/wp-json\/wp\/v2\/pages\/526"}],"wp:attachment":[{"href":"https:\/\/wirtschaftsphysik.de\/cms\/wp-json\/wp\/v2\/media?parent=696"}],"curies":[{"name":"wp","href":"https:\/\/api.w.org\/{rel}","templated":true}]}}