{"id":108,"date":"2017-09-01T10:33:22","date_gmt":"2017-09-01T10:33:22","guid":{"rendered":"http:\/\/wirtschaftsphysik.de\/cms\/?page_id=108"},"modified":"2017-11-17T12:35:22","modified_gmt":"2017-11-17T12:35:22","slug":"studiengang","status":"publish","type":"page","link":"https:\/\/wirtschaftsphysik.de\/cms\/wirtschaftsphysik\/studiengang\/","title":{"rendered":"Studiengang"},"content":{"rendered":"<p>Wer wissen will, wie die Welt funktioniert, der muss Physik studieren. Physik ist eine Naturwissenschaft, die versucht, Vorg\u00e4nge in der Natur zu ordnen, zu erkl\u00e4ren und mit mathematischer Exaktheit zu beschreiben. Mechanik, Elektro- und Thermodynamik, Optik und Quantenphysik &#8211; im Bachelorstudium wird die Basis f\u00fcr die h\u00f6heren Weihen gelegt. Das Bachelorstudium \u00e4hnelt sich an allen Fakult\u00e4ten in Deutschland sehr stark. Erstsemester, die vor der Wahl der Uni stehen, sollten deshalb weniger auf den Stundenplan als auf die Qualit\u00e4t der Betreuung achten: Wie viele Studierenden kommen auf einen Dozenten? An der Universit\u00e4t Ulm ist dieses Verh\u00e4ltnis sehr zum Vorteil f\u00fcr die Studierenden. An dieser Stelle sei auf das\u00a0<a href=\"http:\/\/ranking.zeit.de\/che2011\/de\/fachbereich\/400028?ab=3\" target=\"_blank\" rel=\"noopener\">CHE Hochschulranking<\/a>\u00a0verwiesen.<\/p>\n<p><img decoding=\"async\" src=\"http:\/\/www.wirtschaftsphysik.de\/joomla\/images\/vorlesung0.jpg\" alt=\"\" border=\"0\" \/><\/p>\n<p><span class=\"section\">Das Wirtschaftsphysik-Studium<\/span><\/p>\n<p>Der Studiengang Wirtschaftsphysik lockt mit seiner innovativen F\u00e4cherkombination Studierende aus ganz Deutschland nach Ulm. Die\u00a0<a href=\"http:\/\/www.uni-ulm.de\/\" target=\"_blank\" rel=\"noopener\">Universit\u00e4t Ulm<\/a>\u00a0ist klein, das bedeutet eine fast famili\u00e4re Atmosph\u00e4re, engagierte Professoren, umfassende Betreuung durch kleingehaltene Tutorien &#8211; alles weit entfernt von dem, was man als Massenstudiengang bezeichnet. Das Studium setzt sich haupts\u00e4chlich aus den Disziplinen Physik, Wirtschaftswissenschaften und Mathematik zusammen. Zus\u00e4tzlich muss im Studiengang Physik zwischen Chemie oder Informatik als Nebenfach gew\u00e4hlt werden, w\u00e4hrend f\u00fcr Studenten der Wirtschaftsphysik Informatik fest vorgeschrieben ist.<\/p>\n<p>Im 6-semestrigen Bachelorstudium werden die Grundlagen in diesen 4 Bereichen gelegt. W\u00e4hrend in den ersten Semestern die mathematischen Vorlesungen (H\u00f6here Mathematik) einen Gro\u00dfteil ausmachen (insgesamt 25 Leistungspunkte), f\u00fcllen sp\u00e4ter sowohl theoretische als auch experimentelle Physikvorlesungen den Gro\u00dfteil des Studenplans; zus\u00e4tzlich hinzu kommen noch Vorlesungen aus den Additiven Schl\u00fcsselqualifikationen (ASQ), Hauptseminare und \u2013 je nach Interesse \u2013 Wahlpflichtf\u00e4cher und Spezialvorlesungen. Alles weitere zum Aufbau des Bachelorstudiums Physik finden Sie\u00a0<a href=\"http:\/\/www.physik.uni-ulm.de\/lehre\/sp_physik-ba.pdf\" target=\"_blank\" rel=\"noopener\">hier<\/a>, f\u00fcr Wirtschaftsphysik\u00a0<a href=\"http:\/\/www.physik.uni-ulm.de\/lehre\/sp_wiphys-ba.pdf\" target=\"_blank\" rel=\"noopener\">hier<\/a>.<\/p>\n<p>Unter\u00a0<a href=\"http:\/\/www.physik.uni-ulm.de\/\" target=\"_blank\" rel=\"noopener\">www.physik.uni-ulm.de<\/a>\u00a0finden Sie zudem weitere Informationen zum Studium und den Forschungsschwerpunkten an der Universit\u00e4t Ulm.<\/p>\n","protected":false},"excerpt":{"rendered":"<p>Wer wissen will, wie die Welt funktioniert, der muss Physik studieren. Physik ist eine Naturwissenschaft, die versucht, Vorg\u00e4nge in der&hellip;<\/p>\n","protected":false},"author":2,"featured_media":0,"parent":79,"menu_order":0,"comment_status":"closed","ping_status":"closed","template":"","meta":{"ngg_post_thumbnail":0,"footnotes":""},"class_list":["post-108","page","type-page","status-publish","hentry"],"_links":{"self":[{"href":"https:\/\/wirtschaftsphysik.de\/cms\/wp-json\/wp\/v2\/pages\/108","targetHints":{"allow":["GET"]}}],"collection":[{"href":"https:\/\/wirtschaftsphysik.de\/cms\/wp-json\/wp\/v2\/pages"}],"about":[{"href":"https:\/\/wirtschaftsphysik.de\/cms\/wp-json\/wp\/v2\/types\/page"}],"author":[{"embeddable":true,"href":"https:\/\/wirtschaftsphysik.de\/cms\/wp-json\/wp\/v2\/users\/2"}],"replies":[{"embeddable":true,"href":"https:\/\/wirtschaftsphysik.de\/cms\/wp-json\/wp\/v2\/comments?post=108"}],"version-history":[{"count":3,"href":"https:\/\/wirtschaftsphysik.de\/cms\/wp-json\/wp\/v2\/pages\/108\/revisions"}],"predecessor-version":[{"id":513,"href":"https:\/\/wirtschaftsphysik.de\/cms\/wp-json\/wp\/v2\/pages\/108\/revisions\/513"}],"up":[{"embeddable":true,"href":"https:\/\/wirtschaftsphysik.de\/cms\/wp-json\/wp\/v2\/pages\/79"}],"wp:attachment":[{"href":"https:\/\/wirtschaftsphysik.de\/cms\/wp-json\/wp\/v2\/media?parent=108"}],"curies":[{"name":"wp","href":"https:\/\/api.w.org\/{rel}","templated":true}]}}